{"id":1907,"date":"2025-04-16T18:51:16","date_gmt":"2025-04-16T18:51:16","guid":{"rendered":"https:\/\/bumaudio.com\/rental\/?post_type=product&#038;p=1907"},"modified":"2025-04-16T18:51:16","modified_gmt":"2025-04-16T18:51:16","slug":"consola-mixer-yamaha-mg12","status":"publish","type":"product","link":"https:\/\/bumaudio.com\/rental\/producto\/consola-mixer-yamaha-mg12\/","title":{"rendered":"Consola \/ Mixer Yamaha MG12"},"content":{"rendered":"<p><span style=\"font-weight: 400;\">El MG12 de Yamaha es un mezclador compacto con doce entradas simult\u00e1neas, ideal para presentaciones, grabaciones, conferencias y mucho m\u00e1s. Cuenta con cuatro canales de entrada combo mono de micr\u00f3fono\/l\u00ednea, dos canales de entrada de l\u00ednea est\u00e9reo que tambi\u00e9n pueden usarse como entradas mono de micr\u00f3fono o l\u00ednea (XLR y est\u00e9reo de 6,35 mm) y dos entradas de l\u00ednea est\u00e9reo con conectores de 6,35 mm y RCA.<\/span><\/p>\n<p>&nbsp;<\/p>\n<p><span style=\"font-weight: 400;\">Los canales 1-8 est\u00e1n equipados con preamplificadores de micr\u00f3fono D-PRE, ecualizador de 3 bandas, control de panorama y un filtro paso alto. Los preamplificadores de micr\u00f3fono D-PRE incorporan un circuito Darlington invertido y alimentaci\u00f3n phantom conmutable de 48 V para usar con micr\u00f3fonos din\u00e1micos y de condensador. Los canales 1-4 tambi\u00e9n cuentan con interruptores de atenuaci\u00f3n de 26 dB para usar con fuentes de sonido potentes, como amplificadores de guitarra y bater\u00edas.<\/span><\/p>\n<p>&nbsp;<\/p>\n<p><span style=\"font-weight: 400;\">El mezclador MG12 cuenta con salidas est\u00e9reo XLR y TRS para conectarlo a su sistema de PA o monitores. Tambi\u00e9n cuenta con una salida de auriculares de 6,35 mm con control de nivel para monitorizaci\u00f3n personal, as\u00ed como salidas de monitor est\u00e9reo TRS de 6,35 mm adicionales para enviar se\u00f1ales a altavoces autoamplificados, amplificadores o dispositivos como grabadoras digitales.<\/span><\/p>\n<p>&nbsp;<\/p>\n<p><span style=\"font-weight: 400;\">Dos salidas auxiliares TRS con controles de nivel de env\u00edo dedicados en cada canal para enrutar mezclas auxiliares a dispositivos externos como unidades de reverberaci\u00f3n o mezcladores de monitorizaci\u00f3n.<\/span><\/p>\n<p><span style=\"font-weight: 400;\">Dos buses de grupo (uno est\u00e9reo) con fader de control de nivel general y salidas dedicadas para crear una submezcla, como la de un grupo de bater\u00eda, o para enrutar elementos seleccionados de una mezcla a equipos externos.<\/span><\/p>\n<p><span style=\"font-weight: 400;\">Ecualizador de 3 bandas en los canales 1-8 y de 2 bandas en los canales 9-12.<\/span><\/p>\n<p><span style=\"font-weight: 400;\">Control de panorama\/balance en cada canal.<\/span><\/p>\n<p><span style=\"font-weight: 400;\">Compresor de un solo bot\u00f3n en los canales 1-4 para suavizar la din\u00e1mica de las voces e instrumentos y que se integren mejor en la mezcla.<\/span><\/p>\n<p><span style=\"font-weight: 400;\">Chasis met\u00e1lico robusto y resistente al desgaste.<\/span><\/p>\n<p><span style=\"font-weight: 400;\">Fuente de alimentaci\u00f3n universal interna para uso mundial.<\/span><\/p>\n","protected":false},"excerpt":{"rendered":"<p><span style=\"font-weight: 400;\">El MG12 de Yamaha es un mezclador compacto con doce entradas simult\u00e1neas, ideal para presentaciones, grabaciones, conferencias y mucho m\u00e1s. Cuenta con cuatro canales de entrada combo mono de micr\u00f3fono\/l\u00ednea, dos canales de entrada de l\u00ednea est\u00e9reo que tambi\u00e9n pueden usarse como entradas mono de micr\u00f3fono o l\u00ednea (XLR y est\u00e9reo de 6,35 mm) y dos entradas de l\u00ednea est\u00e9reo con conectores de 6,35 mm y RCA.<\/span><\/p>\n","protected":false},"featured_media":1908,"template":"","meta":{"site-sidebar-layout":"default","site-content-layout":"","ast-site-content-layout":"default","site-content-style":"default","site-sidebar-style":"default","ast-global-header-display":"","ast-banner-title-visibility":"","ast-main-header-display":"","ast-hfb-above-header-display":"","ast-hfb-below-header-display":"","ast-hfb-mobile-header-display":"","site-post-title":"","ast-breadcrumbs-content":"","ast-featured-img":"","footer-sml-layout":"","theme-transparent-header-meta":"default","adv-header-id-meta":"","stick-header-meta":"","header-above-stick-meta":"","header-main-stick-meta":"","header-below-stick-meta":"","astra-migrate-meta-layouts":"set","ast-page-background-enabled":"default","ast-page-background-meta":{"desktop":{"background-color":"var(--ast-global-color-4)","background-image":"","background-repeat":"repeat","background-position":"center center","background-size":"auto","background-attachment":"scroll","background-type":"","background-media":"","overlay-type":"","overlay-color":"","overlay-opacity":"","overlay-gradient":""},"tablet":{"background-color":"","background-image":"","background-repeat":"repeat","background-position":"center center","background-size":"auto","background-attachment":"scroll","background-type":"","background-media":"","overlay-type":"","overlay-color":"","overlay-opacity":"","overlay-gradient":""},"mobile":{"background-color":"","background-image":"","background-repeat":"repeat","background-position":"center center","background-size":"auto","background-attachment":"scroll","background-type":"","background-media":"","overlay-type":"","overlay-color":"","overlay-opacity":"","overlay-gradient":""}},"ast-content-background-meta":{"desktop":{"background-color":"var(--ast-global-color-5)","background-image":"","background-repeat":"repeat","background-position":"center center","background-size":"auto","background-attachment":"scroll","background-type":"","background-media":"","overlay-type":"","overlay-color":"","overlay-opacity":"","overlay-gradient":""},"tablet":{"background-color":"var(--ast-global-color-5)","background-image":"","background-repeat":"repeat","background-position":"center center","background-size":"auto","background-attachment":"scroll","background-type":"","background-media":"","overlay-type":"","overlay-color":"","overlay-opacity":"","overlay-gradient":""},"mobile":{"background-color":"var(--ast-global-color-5)","background-image":"","background-repeat":"repeat","background-position":"center center","background-size":"auto","background-attachment":"scroll","background-type":"","background-media":"","overlay-type":"","overlay-color":"","overlay-opacity":"","overlay-gradient":""}}},"product_brand":[91],"product_cat":[51],"product_tag":[],"class_list":{"0":"post-1907","1":"product","2":"type-product","3":"status-publish","4":"has-post-thumbnail","6":"product_brand-yamaha","7":"product_cat-mixers","8":"desktop-align-left","9":"tablet-align-left","10":"mobile-align-left","12":"first","13":"instock","14":"shipping-taxable","15":"product-type-simple"},"_links":{"self":[{"href":"https:\/\/bumaudio.com\/rental\/wp-json\/wp\/v2\/product\/1907","targetHints":{"allow":["GET"]}}],"collection":[{"href":"https:\/\/bumaudio.com\/rental\/wp-json\/wp\/v2\/product"}],"about":[{"href":"https:\/\/bumaudio.com\/rental\/wp-json\/wp\/v2\/types\/product"}],"version-history":[{"count":1,"href":"https:\/\/bumaudio.com\/rental\/wp-json\/wp\/v2\/product\/1907\/revisions"}],"predecessor-version":[{"id":1913,"href":"https:\/\/bumaudio.com\/rental\/wp-json\/wp\/v2\/product\/1907\/revisions\/1913"}],"wp:featuredmedia":[{"embeddable":true,"href":"https:\/\/bumaudio.com\/rental\/wp-json\/wp\/v2\/media\/1908"}],"wp:attachment":[{"href":"https:\/\/bumaudio.com\/rental\/wp-json\/wp\/v2\/media?parent=1907"}],"wp:term":[{"taxonomy":"product_brand","embeddable":true,"href":"https:\/\/bumaudio.com\/rental\/wp-json\/wp\/v2\/product_brand?post=1907"},{"taxonomy":"product_cat","embeddable":true,"href":"https:\/\/bumaudio.com\/rental\/wp-json\/wp\/v2\/product_cat?post=1907"},{"taxonomy":"product_tag","embeddable":true,"href":"https:\/\/bumaudio.com\/rental\/wp-json\/wp\/v2\/product_tag?post=1907"}],"curies":[{"name":"wp","href":"https:\/\/api.w.org\/{rel}","templated":true}]}}