{"id":1901,"date":"2025-04-16T18:49:09","date_gmt":"2025-04-16T18:49:09","guid":{"rendered":"https:\/\/bumaudio.com\/rental\/?post_type=product&#038;p=1901"},"modified":"2025-04-16T18:49:10","modified_gmt":"2025-04-16T18:49:10","slug":"amplificador-de-auriculares-symetrix-sx204","status":"publish","type":"product","link":"https:\/\/bumaudio.com\/rental\/producto\/amplificador-de-auriculares-symetrix-sx204\/","title":{"rendered":"Amplificador de auriculares Symetrix SX204"},"content":{"rendered":"<p><span style=\"font-weight: 400;\">El modelo SX204 es un amplificador de 1 o 2 entradas y 4 salidas dise\u00f1ado para manejar m\u00faltiples auriculares de cualquier impedancia. La tecnolog\u00eda patentada de conversi\u00f3n de alto voltaje de Symetrix permite al SX204 manejar auriculares de alta impedancia con el voltaje de salida equivalente a un amplificador de potencia mucho mayor, a la vez que proporciona una corriente m\u00e1s que suficiente para auriculares de baja impedancia. Las cuatro salidas est\u00e9reo ajustan autom\u00e1ticamente la potencia de salida para adaptarse a la impedancia de carga.<\/span><\/p>\n","protected":false},"excerpt":{"rendered":"<p><span style=\"font-weight: 400;\">El modelo SX204 es un amplificador de 1 o 2 entradas y 4 salidas dise\u00f1ado para manejar m\u00faltiples auriculares de cualquier impedancia. La tecnolog\u00eda patentada de conversi\u00f3n de alto voltaje de Symetrix permite al SX204 manejar auriculares de alta impedancia con el voltaje de salida equivalente a un amplificador de potencia mucho mayor, a la vez que proporciona una corriente m\u00e1s que suficiente para auriculares de baja impedancia. Las cuatro salidas est\u00e9reo ajustan autom\u00e1ticamente la potencia de salida para adaptarse a la impedancia de carga.<\/span><\/p>\n","protected":false},"featured_media":1902,"template":"","meta":{"site-sidebar-layout":"default","site-content-layout":"","ast-site-content-layout":"default","site-content-style":"default","site-sidebar-style":"default","ast-global-header-display":"","ast-banner-title-visibility":"","ast-main-header-display":"","ast-hfb-above-header-display":"","ast-hfb-below-header-display":"","ast-hfb-mobile-header-display":"","site-post-title":"","ast-breadcrumbs-content":"","ast-featured-img":"","footer-sml-layout":"","theme-transparent-header-meta":"default","adv-header-id-meta":"","stick-header-meta":"","header-above-stick-meta":"","header-main-stick-meta":"","header-below-stick-meta":"","astra-migrate-meta-layouts":"set","ast-page-background-enabled":"default","ast-page-background-meta":{"desktop":{"background-color":"var(--ast-global-color-4)","background-image":"","background-repeat":"repeat","background-position":"center center","background-size":"auto","background-attachment":"scroll","background-type":"","background-media":"","overlay-type":"","overlay-color":"","overlay-opacity":"","overlay-gradient":""},"tablet":{"background-color":"","background-image":"","background-repeat":"repeat","background-position":"center center","background-size":"auto","background-attachment":"scroll","background-type":"","background-media":"","overlay-type":"","overlay-color":"","overlay-opacity":"","overlay-gradient":""},"mobile":{"background-color":"","background-image":"","background-repeat":"repeat","background-position":"center center","background-size":"auto","background-attachment":"scroll","background-type":"","background-media":"","overlay-type":"","overlay-color":"","overlay-opacity":"","overlay-gradient":""}},"ast-content-background-meta":{"desktop":{"background-color":"var(--ast-global-color-5)","background-image":"","background-repeat":"repeat","background-position":"center center","background-size":"auto","background-attachment":"scroll","background-type":"","background-media":"","overlay-type":"","overlay-color":"","overlay-opacity":"","overlay-gradient":""},"tablet":{"background-color":"var(--ast-global-color-5)","background-image":"","background-repeat":"repeat","background-position":"center center","background-size":"auto","background-attachment":"scroll","background-type":"","background-media":"","overlay-type":"","overlay-color":"","overlay-opacity":"","overlay-gradient":""},"mobile":{"background-color":"var(--ast-global-color-5)","background-image":"","background-repeat":"repeat","background-position":"center center","background-size":"auto","background-attachment":"scroll","background-type":"","background-media":"","overlay-type":"","overlay-color":"","overlay-opacity":"","overlay-gradient":""}}},"product_brand":[90],"product_cat":[69],"product_tag":[],"class_list":{"0":"post-1901","1":"product","2":"type-product","3":"status-publish","4":"has-post-thumbnail","6":"product_brand-symetrix","7":"product_cat-sistema-monitoreo","8":"desktop-align-left","9":"tablet-align-left","10":"mobile-align-left","12":"first","13":"instock","14":"shipping-taxable","15":"product-type-simple"},"_links":{"self":[{"href":"https:\/\/bumaudio.com\/rental\/wp-json\/wp\/v2\/product\/1901","targetHints":{"allow":["GET"]}}],"collection":[{"href":"https:\/\/bumaudio.com\/rental\/wp-json\/wp\/v2\/product"}],"about":[{"href":"https:\/\/bumaudio.com\/rental\/wp-json\/wp\/v2\/types\/product"}],"version-history":[{"count":1,"href":"https:\/\/bumaudio.com\/rental\/wp-json\/wp\/v2\/product\/1901\/revisions"}],"predecessor-version":[{"id":1906,"href":"https:\/\/bumaudio.com\/rental\/wp-json\/wp\/v2\/product\/1901\/revisions\/1906"}],"wp:featuredmedia":[{"embeddable":true,"href":"https:\/\/bumaudio.com\/rental\/wp-json\/wp\/v2\/media\/1902"}],"wp:attachment":[{"href":"https:\/\/bumaudio.com\/rental\/wp-json\/wp\/v2\/media?parent=1901"}],"wp:term":[{"taxonomy":"product_brand","embeddable":true,"href":"https:\/\/bumaudio.com\/rental\/wp-json\/wp\/v2\/product_brand?post=1901"},{"taxonomy":"product_cat","embeddable":true,"href":"https:\/\/bumaudio.com\/rental\/wp-json\/wp\/v2\/product_cat?post=1901"},{"taxonomy":"product_tag","embeddable":true,"href":"https:\/\/bumaudio.com\/rental\/wp-json\/wp\/v2\/product_tag?post=1901"}],"curies":[{"name":"wp","href":"https:\/\/api.w.org\/{rel}","templated":true}]}}