{"id":1896,"date":"2025-04-16T18:47:26","date_gmt":"2025-04-16T18:47:26","guid":{"rendered":"https:\/\/bumaudio.com\/rental\/?post_type=product&#038;p=1896"},"modified":"2025-04-16T18:47:26","modified_gmt":"2025-04-16T18:47:26","slug":"microfono-shure-sm57","status":"publish","type":"product","link":"https:\/\/bumaudio.com\/rental\/producto\/microfono-shure-sm57\/","title":{"rendered":"Micr\u00f3fono Shure SM57"},"content":{"rendered":"<p><span style=\"font-weight: 400;\">Un redoble de tambor. Un acorde arpegiado. Un potente solo de saxof\u00f3n. Ya sea en el escenario o en el estudio, las notas que fluyen de tu instrumento conectan con tu p\u00fablico a nivel emocional. Esos sonidos necesitan un micr\u00f3fono que est\u00e9 a la altura. Para todo tipo de condiciones ac\u00fasticas, el SM57 le hace justicia a tu talento para que tus fans puedan apreciarlo.<\/span><\/p>\n<p>&nbsp;<\/p>\n<p><span style=\"font-weight: 400;\">Detalles<\/span><\/p>\n<p><span style=\"font-weight: 400;\">Adelante. A tocar.<\/span><\/p>\n<ul>\n<li style=\"font-weight: 400;\" aria-level=\"1\"><span style=\"font-weight: 400;\">Respuesta en frecuencia modelada para conseguir una limpia reproducci\u00f3n instrumental y una toma de voz de gran riqueza.<\/span><\/li>\n<li style=\"font-weight: 400;\" aria-level=\"1\"><span style=\"font-weight: 400;\">Reproducci\u00f3n con calidad profesional de bater\u00eda, percusi\u00f3n e instrumentos amplificados.<\/span><\/li>\n<li style=\"font-weight: 400;\" aria-level=\"1\"><span style=\"font-weight: 400;\">Patr\u00f3n cardioide uniforme que a\u00edsla la fuente de sonido a la vez que reduce el ruido de fondo.<\/span><\/li>\n<li style=\"font-weight: 400;\" aria-level=\"1\"><span style=\"font-weight: 400;\">Sistema antigolpes neum\u00e1tico que elimina el ruido de manejo del micro.<\/span><\/li>\n<li style=\"font-weight: 400;\" aria-level=\"1\"><span style=\"font-weight: 400;\">Muy resistente, hasta en las peores condiciones.<\/span><\/li>\n<li style=\"font-weight: 400;\" aria-level=\"1\"><span style=\"font-weight: 400;\">Respuesta en frecuencia: 40 a 15.000 Hz<\/span><\/li>\n<\/ul>\n<p><span style=\"font-weight: 400;\">\u00bfPara qu\u00e9 uso ha sido dise\u00f1ado el SM57?<\/span><\/p>\n<p><span style=\"font-weight: 400;\">Es la elecci\u00f3n m\u00e1s habitual para los m\u00fasicos profesionales que quieren un micro para su instrumento amplificado o ac\u00fastico, como puede ser un ampli de guitarra o de bajo, un saxof\u00f3n, una trompeta o una bater\u00eda. Este micro se usa en escenarios y estudios de todo el mundo.\u00a0<\/span><\/p>\n<p><span style=\"font-weight: 400;\">\u00bfC\u00f3mo suena?<\/span><\/p>\n<p><span style=\"font-weight: 400;\">La respuesta en frecuencia modelada con su aumento de presencia ayuda a que el instrumento sobresalga del resto de la mezcla. Su eficaz patr\u00f3n cardioide a\u00edsla la fuente principal de sonido y permite grabar solamente la fuente hacia la que est\u00e9 apuntando, rechazando los sonidos que procedan de atr\u00e1s.<\/span><\/p>\n","protected":false},"excerpt":{"rendered":"<p><span style=\"font-weight: 400;\">Un redoble de tambor. Un acorde arpegiado. Un potente solo de saxof\u00f3n. Ya sea en el escenario o en el estudio, las notas que fluyen de tu instrumento conectan con tu p\u00fablico a nivel emocional. Esos sonidos necesitan un micr\u00f3fono que est\u00e9 a la altura. Para todo tipo de condiciones ac\u00fasticas, el SM57 le hace justicia a tu talento para que tus fans puedan apreciarlo.<\/span><\/p>\n","protected":false},"featured_media":1898,"template":"","meta":{"site-sidebar-layout":"default","site-content-layout":"","ast-site-content-layout":"default","site-content-style":"default","site-sidebar-style":"default","ast-global-header-display":"","ast-banner-title-visibility":"","ast-main-header-display":"","ast-hfb-above-header-display":"","ast-hfb-below-header-display":"","ast-hfb-mobile-header-display":"","site-post-title":"","ast-breadcrumbs-content":"","ast-featured-img":"","footer-sml-layout":"","theme-transparent-header-meta":"default","adv-header-id-meta":"","stick-header-meta":"","header-above-stick-meta":"","header-main-stick-meta":"","header-below-stick-meta":"","astra-migrate-meta-layouts":"set","ast-page-background-enabled":"default","ast-page-background-meta":{"desktop":{"background-color":"var(--ast-global-color-4)","background-image":"","background-repeat":"repeat","background-position":"center center","background-size":"auto","background-attachment":"scroll","background-type":"","background-media":"","overlay-type":"","overlay-color":"","overlay-opacity":"","overlay-gradient":""},"tablet":{"background-color":"","background-image":"","background-repeat":"repeat","background-position":"center center","background-size":"auto","background-attachment":"scroll","background-type":"","background-media":"","overlay-type":"","overlay-color":"","overlay-opacity":"","overlay-gradient":""},"mobile":{"background-color":"","background-image":"","background-repeat":"repeat","background-position":"center center","background-size":"auto","background-attachment":"scroll","background-type":"","background-media":"","overlay-type":"","overlay-color":"","overlay-opacity":"","overlay-gradient":""}},"ast-content-background-meta":{"desktop":{"background-color":"var(--ast-global-color-5)","background-image":"","background-repeat":"repeat","background-position":"center center","background-size":"auto","background-attachment":"scroll","background-type":"","background-media":"","overlay-type":"","overlay-color":"","overlay-opacity":"","overlay-gradient":""},"tablet":{"background-color":"var(--ast-global-color-5)","background-image":"","background-repeat":"repeat","background-position":"center center","background-size":"auto","background-attachment":"scroll","background-type":"","background-media":"","overlay-type":"","overlay-color":"","overlay-opacity":"","overlay-gradient":""},"mobile":{"background-color":"var(--ast-global-color-5)","background-image":"","background-repeat":"repeat","background-position":"center center","background-size":"auto","background-attachment":"scroll","background-type":"","background-media":"","overlay-type":"","overlay-color":"","overlay-opacity":"","overlay-gradient":""}}},"product_brand":[89],"product_cat":[17],"product_tag":[],"class_list":{"0":"post-1896","1":"product","2":"type-product","3":"status-publish","4":"has-post-thumbnail","6":"product_brand-shure","7":"product_cat-microfonos","8":"desktop-align-left","9":"tablet-align-left","10":"mobile-align-left","12":"first","13":"instock","14":"shipping-taxable","15":"product-type-simple"},"_links":{"self":[{"href":"https:\/\/bumaudio.com\/rental\/wp-json\/wp\/v2\/product\/1896","targetHints":{"allow":["GET"]}}],"collection":[{"href":"https:\/\/bumaudio.com\/rental\/wp-json\/wp\/v2\/product"}],"about":[{"href":"https:\/\/bumaudio.com\/rental\/wp-json\/wp\/v2\/types\/product"}],"version-history":[{"count":1,"href":"https:\/\/bumaudio.com\/rental\/wp-json\/wp\/v2\/product\/1896\/revisions"}],"predecessor-version":[{"id":1900,"href":"https:\/\/bumaudio.com\/rental\/wp-json\/wp\/v2\/product\/1896\/revisions\/1900"}],"wp:featuredmedia":[{"embeddable":true,"href":"https:\/\/bumaudio.com\/rental\/wp-json\/wp\/v2\/media\/1898"}],"wp:attachment":[{"href":"https:\/\/bumaudio.com\/rental\/wp-json\/wp\/v2\/media?parent=1896"}],"wp:term":[{"taxonomy":"product_brand","embeddable":true,"href":"https:\/\/bumaudio.com\/rental\/wp-json\/wp\/v2\/product_brand?post=1896"},{"taxonomy":"product_cat","embeddable":true,"href":"https:\/\/bumaudio.com\/rental\/wp-json\/wp\/v2\/product_cat?post=1896"},{"taxonomy":"product_tag","embeddable":true,"href":"https:\/\/bumaudio.com\/rental\/wp-json\/wp\/v2\/product_tag?post=1896"}],"curies":[{"name":"wp","href":"https:\/\/api.w.org\/{rel}","templated":true}]}}