{"id":1890,"date":"2025-04-16T18:45:51","date_gmt":"2025-04-16T18:45:51","guid":{"rendered":"https:\/\/bumaudio.com\/rental\/?post_type=product&#038;p=1890"},"modified":"2025-04-16T18:45:52","modified_gmt":"2025-04-16T18:45:52","slug":"microfono-shure-565sd","status":"publish","type":"product","link":"https:\/\/bumaudio.com\/rental\/producto\/microfono-shure-565sd\/","title":{"rendered":"Micr\u00f3fono Shure 565SD"},"content":{"rendered":"<p><span style=\"font-weight: 400;\">Micr\u00f3fono vocal que proporciona una excelente reproducci\u00f3n de la voz en el escenario gracias a su patr\u00f3n cardioide. Dispone de filtro antiviento y antipop, rejilla frontal, impedancia dual e interruptor magn\u00e9tico silencioso.<\/span><\/p>\n<p>&nbsp;<\/p>\n<ul>\n<li style=\"font-weight: 400;\" aria-level=\"1\"><span style=\"font-weight: 400;\">Micr\u00f3fono vers\u00e1til, de alta calidad, de caracter\u00edsticas similares al SM58\u00ae.<\/span><\/li>\n<li style=\"font-weight: 400;\" aria-level=\"1\"><span style=\"font-weight: 400;\">Impedancia dual conmutable.<\/span><\/li>\n<li style=\"font-weight: 400;\" aria-level=\"1\"><span style=\"font-weight: 400;\">Interruptor silencioso de leng\u00fceta magn\u00e9tica con opci\u00f3n de bloqueo.<\/span><\/li>\n<li style=\"font-weight: 400;\" aria-level=\"1\"><span style=\"font-weight: 400;\">Din\u00e1mico cardioide.<\/span><\/li>\n<li style=\"font-weight: 400;\" aria-level=\"1\"><span style=\"font-weight: 400;\">Respuesta en frecuencia: 50 a 15.000 Hz.<\/span><\/li>\n<\/ul>\n<p><span style=\"font-weight: 400;\">El micr\u00f3fono vocal cl\u00e1sico 565SD Unisphere\u00ae (predecesor del SM58\u00ae) es un micro din\u00e1mico unidireccional de impedancia dual, famoso por haber sido ampliamente utilizado en el Festival de Woodstock.<\/span><\/p>\n<p><span style=\"font-weight: 400;\">\u00bfCu\u00e1l es su aplicaci\u00f3n ideal?<\/span><\/p>\n<p><span style=\"font-weight: 400;\">Dispone de un filtro antiviento y antipop, muy efectivo para su uso con voces, y de una rejilla frontal muy resistente. De f\u00e1brica viene preparado para funcionar a baja impedancia; el 565SD ofrece una reproducci\u00f3n excelente de la palabra o de la voz cantada sobre el escenario, resultando tambi\u00e9n perfecto para sistemas de megafon\u00eda.<\/span><\/p>\n","protected":false},"excerpt":{"rendered":"<p><span style=\"font-weight: 400;\">Micr\u00f3fono vocal que proporciona una excelente reproducci\u00f3n de la voz en el escenario gracias a su patr\u00f3n cardioide. Dispone de filtro antiviento y antipop, rejilla frontal, impedancia dual e interruptor magn\u00e9tico silencioso.<\/span><\/p>\n","protected":false},"featured_media":1891,"template":"","meta":{"site-sidebar-layout":"default","site-content-layout":"","ast-site-content-layout":"default","site-content-style":"default","site-sidebar-style":"default","ast-global-header-display":"","ast-banner-title-visibility":"","ast-main-header-display":"","ast-hfb-above-header-display":"","ast-hfb-below-header-display":"","ast-hfb-mobile-header-display":"","site-post-title":"","ast-breadcrumbs-content":"","ast-featured-img":"","footer-sml-layout":"","theme-transparent-header-meta":"default","adv-header-id-meta":"","stick-header-meta":"","header-above-stick-meta":"","header-main-stick-meta":"","header-below-stick-meta":"","astra-migrate-meta-layouts":"set","ast-page-background-enabled":"default","ast-page-background-meta":{"desktop":{"background-color":"var(--ast-global-color-4)","background-image":"","background-repeat":"repeat","background-position":"center center","background-size":"auto","background-attachment":"scroll","background-type":"","background-media":"","overlay-type":"","overlay-color":"","overlay-opacity":"","overlay-gradient":""},"tablet":{"background-color":"","background-image":"","background-repeat":"repeat","background-position":"center center","background-size":"auto","background-attachment":"scroll","background-type":"","background-media":"","overlay-type":"","overlay-color":"","overlay-opacity":"","overlay-gradient":""},"mobile":{"background-color":"","background-image":"","background-repeat":"repeat","background-position":"center center","background-size":"auto","background-attachment":"scroll","background-type":"","background-media":"","overlay-type":"","overlay-color":"","overlay-opacity":"","overlay-gradient":""}},"ast-content-background-meta":{"desktop":{"background-color":"var(--ast-global-color-5)","background-image":"","background-repeat":"repeat","background-position":"center center","background-size":"auto","background-attachment":"scroll","background-type":"","background-media":"","overlay-type":"","overlay-color":"","overlay-opacity":"","overlay-gradient":""},"tablet":{"background-color":"var(--ast-global-color-5)","background-image":"","background-repeat":"repeat","background-position":"center center","background-size":"auto","background-attachment":"scroll","background-type":"","background-media":"","overlay-type":"","overlay-color":"","overlay-opacity":"","overlay-gradient":""},"mobile":{"background-color":"var(--ast-global-color-5)","background-image":"","background-repeat":"repeat","background-position":"center center","background-size":"auto","background-attachment":"scroll","background-type":"","background-media":"","overlay-type":"","overlay-color":"","overlay-opacity":"","overlay-gradient":""}}},"product_brand":[89],"product_cat":[17],"product_tag":[],"class_list":{"0":"post-1890","1":"product","2":"type-product","3":"status-publish","4":"has-post-thumbnail","6":"product_brand-shure","7":"product_cat-microfonos","8":"desktop-align-left","9":"tablet-align-left","10":"mobile-align-left","12":"first","13":"instock","14":"shipping-taxable","15":"product-type-simple"},"_links":{"self":[{"href":"https:\/\/bumaudio.com\/rental\/wp-json\/wp\/v2\/product\/1890","targetHints":{"allow":["GET"]}}],"collection":[{"href":"https:\/\/bumaudio.com\/rental\/wp-json\/wp\/v2\/product"}],"about":[{"href":"https:\/\/bumaudio.com\/rental\/wp-json\/wp\/v2\/types\/product"}],"version-history":[{"count":1,"href":"https:\/\/bumaudio.com\/rental\/wp-json\/wp\/v2\/product\/1890\/revisions"}],"predecessor-version":[{"id":1895,"href":"https:\/\/bumaudio.com\/rental\/wp-json\/wp\/v2\/product\/1890\/revisions\/1895"}],"wp:featuredmedia":[{"embeddable":true,"href":"https:\/\/bumaudio.com\/rental\/wp-json\/wp\/v2\/media\/1891"}],"wp:attachment":[{"href":"https:\/\/bumaudio.com\/rental\/wp-json\/wp\/v2\/media?parent=1890"}],"wp:term":[{"taxonomy":"product_brand","embeddable":true,"href":"https:\/\/bumaudio.com\/rental\/wp-json\/wp\/v2\/product_brand?post=1890"},{"taxonomy":"product_cat","embeddable":true,"href":"https:\/\/bumaudio.com\/rental\/wp-json\/wp\/v2\/product_cat?post=1890"},{"taxonomy":"product_tag","embeddable":true,"href":"https:\/\/bumaudio.com\/rental\/wp-json\/wp\/v2\/product_tag?post=1890"}],"curies":[{"name":"wp","href":"https:\/\/api.w.org\/{rel}","templated":true}]}}