{"id":1878,"date":"2025-04-16T18:41:04","date_gmt":"2025-04-16T18:41:04","guid":{"rendered":"https:\/\/bumaudio.com\/rental\/?post_type=product&#038;p=1878"},"modified":"2025-04-16T18:41:05","modified_gmt":"2025-04-16T18:41:05","slug":"pie-de-microfono","status":"publish","type":"product","link":"https:\/\/bumaudio.com\/rental\/producto\/pie-de-microfono\/","title":{"rendered":"Pie de Micr\u00f3fono"},"content":{"rendered":"<p><span style=\"font-weight: 400;\">SOPORTE DE MICR\u00d3FONO TR\u00cdPODE DE GIRO R\u00c1PIDO CON PLUMA 2 EN 1<\/span><span style=\"font-weight: 400;\"><br \/>\n<\/span><span style=\"font-weight: 400;\">MS432B<\/span><span style=\"font-weight: 400;\"><br \/>\n<\/span><span style=\"font-weight: 400;\"><br \/>\n<\/span><span style=\"font-weight: 400;\">DESCRIPCI\u00d3N:<\/span><span style=\"font-weight: 400;\"><br \/>\n<\/span><span style=\"font-weight: 400;\"><br \/>\n<\/span><span style=\"font-weight: 400;\">El soporte de micr\u00f3fono HERCULES Stage Series MS432B cuenta con la abrazadera de brazo 2 en 1 y el embrague de giro r\u00e1pido.<\/span><span style=\"font-weight: 400;\"><br \/>\n<\/span><span style=\"font-weight: 400;\"><br \/>\n<\/span><span style=\"font-weight: 400;\">CARACTER\u00cdSTICAS:<\/span><span style=\"font-weight: 400;\"><br \/>\n<\/span><span style=\"font-weight: 400;\"><br \/>\n<\/span><span style=\"font-weight: 400;\">La abrazadera de pluma 2 en 1 con ajuste de perilla \u00fanica asegura de forma segura la longitud y el \u00e1ngulo de la pluma.<\/span><span style=\"font-weight: 400;\"><br \/>\n<\/span><span style=\"font-weight: 400;\"><br \/>\n<\/span><span style=\"font-weight: 400;\">El ajuste de altura es f\u00e1cil y r\u00e1pido con el dise\u00f1o Quick Turn.<\/span><span style=\"font-weight: 400;\"><br \/>\n<\/span><span style=\"font-weight: 400;\"><br \/>\n<\/span><span style=\"font-weight: 400;\">La base de tr\u00edpode de aluminio fundido a presi\u00f3n brinda soporte y durabilidad.<\/span><span style=\"font-weight: 400;\"><br \/>\n<\/span><span style=\"font-weight: 400;\"><br \/>\n<\/span><span style=\"font-weight: 400;\">ESPECIFICACIONES:<\/span><span style=\"font-weight: 400;\"><br \/>\n<\/span><span style=\"font-weight: 400;\"><br \/>\n<\/span><span style=\"font-weight: 400;\">Altura: 875 mm &#8211; 1475 mm (34,4&#8243; &#8211; 58,1&#8243;)<\/span><span style=\"font-weight: 400;\"><br \/>\n<\/span><span style=\"font-weight: 400;\"><br \/>\n<\/span><span style=\"font-weight: 400;\">Peso: 2,2 kg (4,9 libras)<\/span><span style=\"font-weight: 400;\"><br \/>\n<\/span><span style=\"font-weight: 400;\"><br \/>\n<\/span><span style=\"font-weight: 400;\">Radio base: 630 mm (24,8&#8243;)<\/span><span style=\"font-weight: 400;\"><br \/>\n<\/span><span style=\"font-weight: 400;\"><br \/>\n<\/span><span style=\"font-weight: 400;\">Longitud de la pluma: 780 mm (30,7&#8243;)<\/span><span style=\"font-weight: 400;\"><br \/>\n<\/span><span style=\"font-weight: 400;\"><br \/>\n<\/span><span style=\"font-weight: 400;\">Tama\u00f1o plegado: 805 mm x 95 mm x 95 mm (31,7&#8243; x 3,7&#8243; x 3,7&#8243;)<\/span><\/p>\n","protected":false},"excerpt":{"rendered":"<p><span style=\"font-weight: 400;\">SOPORTE DE MICR\u00d3FONO TR\u00cdPODE DE GIRO R\u00c1PIDO CON PLUMA 2 EN 1<\/span><span style=\"font-weight: 400;\"><br \/>\n<\/span><span style=\"font-weight: 400;\">MS432B<\/span><span style=\"font-weight: 400;\"><br \/>\n<\/span><span style=\"font-weight: 400;\">DESCRIPCI\u00d3N:<\/span><span style=\"font-weight: 400;\"><br \/>\n<\/span><span style=\"font-weight: 400;\">El soporte de micr\u00f3fono HERCULES Stage Series MS432B cuenta con la abrazadera de brazo 2 en 1 y el embrague de giro r\u00e1pido.<\/span><\/p>\n","protected":false},"featured_media":1879,"template":"","meta":{"site-sidebar-layout":"default","site-content-layout":"","ast-site-content-layout":"default","site-content-style":"default","site-sidebar-style":"default","ast-global-header-display":"","ast-banner-title-visibility":"","ast-main-header-display":"","ast-hfb-above-header-display":"","ast-hfb-below-header-display":"","ast-hfb-mobile-header-display":"","site-post-title":"","ast-breadcrumbs-content":"","ast-featured-img":"","footer-sml-layout":"","theme-transparent-header-meta":"default","adv-header-id-meta":"","stick-header-meta":"","header-above-stick-meta":"","header-main-stick-meta":"","header-below-stick-meta":"","astra-migrate-meta-layouts":"set","ast-page-background-enabled":"default","ast-page-background-meta":{"desktop":{"background-color":"var(--ast-global-color-4)","background-image":"","background-repeat":"repeat","background-position":"center center","background-size":"auto","background-attachment":"scroll","background-type":"","background-media":"","overlay-type":"","overlay-color":"","overlay-opacity":"","overlay-gradient":""},"tablet":{"background-color":"","background-image":"","background-repeat":"repeat","background-position":"center center","background-size":"auto","background-attachment":"scroll","background-type":"","background-media":"","overlay-type":"","overlay-color":"","overlay-opacity":"","overlay-gradient":""},"mobile":{"background-color":"","background-image":"","background-repeat":"repeat","background-position":"center center","background-size":"auto","background-attachment":"scroll","background-type":"","background-media":"","overlay-type":"","overlay-color":"","overlay-opacity":"","overlay-gradient":""}},"ast-content-background-meta":{"desktop":{"background-color":"var(--ast-global-color-5)","background-image":"","background-repeat":"repeat","background-position":"center center","background-size":"auto","background-attachment":"scroll","background-type":"","background-media":"","overlay-type":"","overlay-color":"","overlay-opacity":"","overlay-gradient":""},"tablet":{"background-color":"var(--ast-global-color-5)","background-image":"","background-repeat":"repeat","background-position":"center center","background-size":"auto","background-attachment":"scroll","background-type":"","background-media":"","overlay-type":"","overlay-color":"","overlay-opacity":"","overlay-gradient":""},"mobile":{"background-color":"var(--ast-global-color-5)","background-image":"","background-repeat":"repeat","background-position":"center center","background-size":"auto","background-attachment":"scroll","background-type":"","background-media":"","overlay-type":"","overlay-color":"","overlay-opacity":"","overlay-gradient":""}}},"product_brand":[],"product_cat":[41],"product_tag":[],"class_list":{"0":"post-1878","1":"product","2":"type-product","3":"status-publish","4":"has-post-thumbnail","6":"product_cat-accesorios-microfono","7":"desktop-align-left","8":"tablet-align-left","9":"mobile-align-left","11":"first","12":"instock","13":"shipping-taxable","14":"product-type-simple"},"_links":{"self":[{"href":"https:\/\/bumaudio.com\/rental\/wp-json\/wp\/v2\/product\/1878","targetHints":{"allow":["GET"]}}],"collection":[{"href":"https:\/\/bumaudio.com\/rental\/wp-json\/wp\/v2\/product"}],"about":[{"href":"https:\/\/bumaudio.com\/rental\/wp-json\/wp\/v2\/types\/product"}],"version-history":[{"count":1,"href":"https:\/\/bumaudio.com\/rental\/wp-json\/wp\/v2\/product\/1878\/revisions"}],"predecessor-version":[{"id":1883,"href":"https:\/\/bumaudio.com\/rental\/wp-json\/wp\/v2\/product\/1878\/revisions\/1883"}],"wp:featuredmedia":[{"embeddable":true,"href":"https:\/\/bumaudio.com\/rental\/wp-json\/wp\/v2\/media\/1879"}],"wp:attachment":[{"href":"https:\/\/bumaudio.com\/rental\/wp-json\/wp\/v2\/media?parent=1878"}],"wp:term":[{"taxonomy":"product_brand","embeddable":true,"href":"https:\/\/bumaudio.com\/rental\/wp-json\/wp\/v2\/product_brand?post=1878"},{"taxonomy":"product_cat","embeddable":true,"href":"https:\/\/bumaudio.com\/rental\/wp-json\/wp\/v2\/product_cat?post=1878"},{"taxonomy":"product_tag","embeddable":true,"href":"https:\/\/bumaudio.com\/rental\/wp-json\/wp\/v2\/product_tag?post=1878"}],"curies":[{"name":"wp","href":"https:\/\/api.w.org\/{rel}","templated":true}]}}