{"id":1862,"date":"2025-04-16T18:34:42","date_gmt":"2025-04-16T18:34:42","guid":{"rendered":"https:\/\/bumaudio.com\/rental\/?post_type=product&#038;p=1862"},"modified":"2025-04-16T18:34:42","modified_gmt":"2025-04-16T18:34:42","slug":"monitor-de-audio-jbl-lsr-305","status":"publish","type":"product","link":"https:\/\/bumaudio.com\/rental\/producto\/monitor-de-audio-jbl-lsr-305\/","title":{"rendered":"Monitor de audio JBL Lsr 305"},"content":{"rendered":"<p><span style=\"font-weight: 400;\">Monitor de estudio bidireccional de 5&#8243;<\/span><\/p>\n<p><span style=\"font-weight: 400;\">Monitor de estudio biamplificado con transductor de baja frecuencia de 5&#8243; con blindaje magn\u00e9tico, transductor de alta frecuencia de c\u00fapula blanda de 1&#8243; y gu\u00eda de ondas con control de imagen. Amplificador clase D de 41 vatios RMS para bajas frecuencias y 41 vatios RMS para altas frecuencias. Entradas XLR balanceadas y TRS de 6,35 mm con control de nivel con retenci\u00f3n y controles de ajuste de altas frecuencias y bajas frecuencias. El LSR305 incluye cable de alimentaci\u00f3n estadounidense. El LSR305\/230 incluye cable de alimentaci\u00f3n internacional.<\/span><\/p>\n<p><span style=\"font-weight: 400;\">\u00a0<\/span><\/p>\n<p><span style=\"font-weight: 400;\">Caracter\u00edsticas<\/span><\/p>\n<ul>\n<li style=\"font-weight: 400;\" aria-level=\"1\"><span style=\"font-weight: 400;\">Gu\u00eda de ondas con control de imagen:<\/span><span style=\"font-weight: 400;\"><br \/>\n<\/span><span style=\"font-weight: 400;\">\u2022 La gu\u00eda de ondas con control de imagen se desarroll\u00f3 para el nuevo monitor de referencia insignia M2 Master de JBL y,<\/span><span style=\"font-weight: 400;\"><br \/>\n<\/span><span style=\"font-weight: 400;\">\u00a0 con la introducci\u00f3n de la serie JBL 3, ahora se incluye por primera vez en un<\/span><span style=\"font-weight: 400;\"><br \/>\n<\/span><span style=\"font-weight: 400;\">\u00a0 monitor de referencia compacto y asequible.<\/span><span style=\"font-weight: 400;\"><br \/>\n<\/span><span style=\"font-weight: 400;\">\u2022 El dise\u00f1o de la gu\u00eda de ondas con control de imagen, pendiente de patente, controla con precisi\u00f3n el sonido que emana del<\/span><span style=\"font-weight: 400;\"><br \/>\n<\/span><span style=\"font-weight: 400;\">\u00a0 altavoz en los planos vertical y horizontal, garantizando una presentaci\u00f3n neutra<\/span><span style=\"font-weight: 400;\"><br \/>\n<\/span><span style=\"font-weight: 400;\">\u00a0 y precisa en la posici\u00f3n de escucha.<\/span><\/li>\n<li style=\"font-weight: 400;\" aria-level=\"1\"><span style=\"font-weight: 400;\">Los transductores JBL son legendarios por su rendimiento. El woofer de largo alcance Serie 3 y su tweeter de neodimio compuesto tejido y amortiguado est\u00e1n dise\u00f1ados desde cero para reproducir los potentes transitorios y la microdin\u00e1mica de su mezcla. Estos transductores ofrecen graves profundos impresionantes y una respuesta de alta frecuencia suave, inaudible para el o\u00eddo humano.<\/span><\/li>\n<li style=\"font-weight: 400;\" aria-level=\"1\"><span style=\"font-weight: 400;\">El dise\u00f1o patentado del puerto de baja frecuencia Slip Stream&#x2122; de JBL se integra con el woofer para producir graves profundos en todos los niveles de reproducci\u00f3n. La forma doblemente acampanada del puerto est\u00e1 dise\u00f1ada con precisi\u00f3n para una mayor extensi\u00f3n de baja frecuencia y una menor turbulencia.<\/span><\/li>\n<li style=\"font-weight: 400;\" aria-level=\"1\"><span style=\"font-weight: 400;\">Gran potencia, gran sonido : los eficientes amplificadores de clase D de la serie 3 proporcionan abundante potencia para brindar la salida y el margen din\u00e1mico necesarios para los estilos de producci\u00f3n m\u00e1s exigentes.<\/span><\/li>\n<li style=\"font-weight: 400;\" aria-level=\"1\"><span style=\"font-weight: 400;\">Entradas balanceadas profesionales : las entradas balanceadas XLR y TRS de 6 mm le brindan las opciones que necesita para conectar su Serie 3 a cualquier fuente de se\u00f1al manteniendo una calidad de se\u00f1al profesional.<\/span><\/li>\n<li style=\"font-weight: 400;\" aria-level=\"1\"><span style=\"font-weight: 400;\">Sensibilidad de entrada seleccionable : el interruptor de sensibilidad de -10 dB\/+4 dB garantiza la compatibilidad con una amplia gama de fuentes de se\u00f1al, lo que le permite conectar la Serie 3 a equipos profesionales de alto rendimiento sin peligro de sobrecarga de entrada.<\/span><\/li>\n<li style=\"font-weight: 400;\" aria-level=\"1\"><span style=\"font-weight: 400;\">Los interruptores \u00abTRIM\u00bb de ajuste de frecuencias bajas y altas (LF Trim y HF Trim) le ofrecen un excelente control del sonido de la Serie 3 en su habitaci\u00f3n. \u00daselos para ajustar con precisi\u00f3n los graves y agudos que escucha, compensando la ac\u00fastica de la sala, el material del programa y su gusto personal.<\/span><\/li>\n<li style=\"font-weight: 400;\" aria-level=\"1\"><span style=\"font-weight: 400;\">Fiabilidad profesional JBL : Antes de que el dise\u00f1o est\u00e9 listo para producci\u00f3n, cada modelo de la Serie 3 se somete a la rigurosa prueba de potencia de 100 horas de JBL, en la que el altavoz debe funcionar a plena potencia durante 100 horas sin fallos. Esta exigente prueba garantiza que sus altavoces de la Serie 3 le ofrecer\u00e1n a\u00f1os de rendimiento fiable.<\/span><\/li>\n<li style=\"font-weight: 400;\" aria-level=\"1\"><span style=\"font-weight: 400;\">Dise\u00f1o JBL LSR: Tu m\u00fasica necesita un punto de referencia . Aunque la mayor\u00eda de los fabricantes solo realizan una medici\u00f3n en el eje del rendimiento del altavoz, esto no indica c\u00f3mo sonar\u00e1 en tu sala. Los criterios de dise\u00f1o de Referencia Espacial Lineal LSR de JBL requieren setenta y dos mediciones que generan m\u00e1s de 1200 veces m\u00e1s datos, lo que permite a JBL dise\u00f1ar un altavoz que suene perfecto en cualquier espacio de trabajo. Con el dise\u00f1o LSR, los monitores de estudio Serie 3 ofrecen una precisi\u00f3n superior independientemente del tama\u00f1o y la forma de tu sala, para que tus mezclas sean perfectas al escucharlas en cualquier sistema de reproducci\u00f3n.<\/span><\/li>\n<\/ul>\n<p>&nbsp;<\/p>\n","protected":false},"excerpt":{"rendered":"<p><span style=\"font-weight: 400;\">Monitor de estudio bidireccional de 5&#8243;<\/span><\/p>\n<p><span style=\"font-weight: 400;\">Monitor de estudio biamplificado con transductor de baja frecuencia de 5&#8243; con blindaje magn\u00e9tico, transductor de alta frecuencia de c\u00fapula blanda de 1&#8243; y gu\u00eda de ondas con control de imagen. Amplificador clase D de 41 vatios RMS para bajas frecuencias y 41 vatios RMS para altas frecuencias. Entradas XLR balanceadas y TRS de 6,35 mm con control de nivel con retenci\u00f3n y controles de ajuste de altas frecuencias y bajas frecuencias. El LSR305 incluye cable de alimentaci\u00f3n estadounidense. El LSR305\/230 incluye cable de alimentaci\u00f3n internacional.<\/span><\/p>\n","protected":false},"featured_media":1863,"template":"","meta":{"site-sidebar-layout":"default","site-content-layout":"","ast-site-content-layout":"default","site-content-style":"default","site-sidebar-style":"default","ast-global-header-display":"","ast-banner-title-visibility":"","ast-main-header-display":"","ast-hfb-above-header-display":"","ast-hfb-below-header-display":"","ast-hfb-mobile-header-display":"","site-post-title":"","ast-breadcrumbs-content":"","ast-featured-img":"","footer-sml-layout":"","theme-transparent-header-meta":"default","adv-header-id-meta":"","stick-header-meta":"","header-above-stick-meta":"","header-main-stick-meta":"","header-below-stick-meta":"","astra-migrate-meta-layouts":"set","ast-page-background-enabled":"default","ast-page-background-meta":{"desktop":{"background-color":"var(--ast-global-color-4)","background-image":"","background-repeat":"repeat","background-position":"center center","background-size":"auto","background-attachment":"scroll","background-type":"","background-media":"","overlay-type":"","overlay-color":"","overlay-opacity":"","overlay-gradient":""},"tablet":{"background-color":"","background-image":"","background-repeat":"repeat","background-position":"center center","background-size":"auto","background-attachment":"scroll","background-type":"","background-media":"","overlay-type":"","overlay-color":"","overlay-opacity":"","overlay-gradient":""},"mobile":{"background-color":"","background-image":"","background-repeat":"repeat","background-position":"center center","background-size":"auto","background-attachment":"scroll","background-type":"","background-media":"","overlay-type":"","overlay-color":"","overlay-opacity":"","overlay-gradient":""}},"ast-content-background-meta":{"desktop":{"background-color":"var(--ast-global-color-5)","background-image":"","background-repeat":"repeat","background-position":"center center","background-size":"auto","background-attachment":"scroll","background-type":"","background-media":"","overlay-type":"","overlay-color":"","overlay-opacity":"","overlay-gradient":""},"tablet":{"background-color":"var(--ast-global-color-5)","background-image":"","background-repeat":"repeat","background-position":"center center","background-size":"auto","background-attachment":"scroll","background-type":"","background-media":"","overlay-type":"","overlay-color":"","overlay-opacity":"","overlay-gradient":""},"mobile":{"background-color":"var(--ast-global-color-5)","background-image":"","background-repeat":"repeat","background-position":"center center","background-size":"auto","background-attachment":"scroll","background-type":"","background-media":"","overlay-type":"","overlay-color":"","overlay-opacity":"","overlay-gradient":""}}},"product_brand":[85],"product_cat":[69],"product_tag":[],"class_list":{"0":"post-1862","1":"product","2":"type-product","3":"status-publish","4":"has-post-thumbnail","6":"product_brand-jbl","7":"product_cat-sistema-monitoreo","8":"desktop-align-left","9":"tablet-align-left","10":"mobile-align-left","12":"first","13":"instock","14":"shipping-taxable","15":"product-type-simple"},"_links":{"self":[{"href":"https:\/\/bumaudio.com\/rental\/wp-json\/wp\/v2\/product\/1862","targetHints":{"allow":["GET"]}}],"collection":[{"href":"https:\/\/bumaudio.com\/rental\/wp-json\/wp\/v2\/product"}],"about":[{"href":"https:\/\/bumaudio.com\/rental\/wp-json\/wp\/v2\/types\/product"}],"version-history":[{"count":1,"href":"https:\/\/bumaudio.com\/rental\/wp-json\/wp\/v2\/product\/1862\/revisions"}],"predecessor-version":[{"id":1867,"href":"https:\/\/bumaudio.com\/rental\/wp-json\/wp\/v2\/product\/1862\/revisions\/1867"}],"wp:featuredmedia":[{"embeddable":true,"href":"https:\/\/bumaudio.com\/rental\/wp-json\/wp\/v2\/media\/1863"}],"wp:attachment":[{"href":"https:\/\/bumaudio.com\/rental\/wp-json\/wp\/v2\/media?parent=1862"}],"wp:term":[{"taxonomy":"product_brand","embeddable":true,"href":"https:\/\/bumaudio.com\/rental\/wp-json\/wp\/v2\/product_brand?post=1862"},{"taxonomy":"product_cat","embeddable":true,"href":"https:\/\/bumaudio.com\/rental\/wp-json\/wp\/v2\/product_cat?post=1862"},{"taxonomy":"product_tag","embeddable":true,"href":"https:\/\/bumaudio.com\/rental\/wp-json\/wp\/v2\/product_tag?post=1862"}],"curies":[{"name":"wp","href":"https:\/\/api.w.org\/{rel}","templated":true}]}}