{"id":1388,"date":"2025-03-14T00:34:31","date_gmt":"2025-03-14T00:34:31","guid":{"rendered":"https:\/\/bumaudio.com\/rental\/?post_type=product&#038;p=1388"},"modified":"2025-03-25T20:51:59","modified_gmt":"2025-03-25T20:51:59","slug":"cable-conector-de-tc-tentacle-to-sound-devices-664","status":"publish","type":"product","link":"https:\/\/bumaudio.com\/rental\/producto\/cable-conector-de-tc-tentacle-to-sound-devices-664\/","title":{"rendered":"Cable conector de TC Tentacle to Sound Devices 664"},"content":{"rendered":"<p>El Cable conector de TC Tentacle to Sound Devices 664 es un cable especializado dise\u00f1ado para conectar dispositivos Tentacle Sync con grabadoras Sound Devices 664. Este cable permite la sincronizaci\u00f3n precisa de timecode entre el Tentacle Sync y la grabadora, lo que es esencial para producciones multic\u00e1mara y grabaciones de audio y video en exteriores. Su construcci\u00f3n robusta y sus conectores de alta calidad garantizan un rendimiento confiable y duradero, incluso en condiciones de rodaje exigentes.<\/p>\n","protected":false},"excerpt":{"rendered":"<p>Cable de timecode para conectar Tentacle Sync con grabadoras Sound Devices 664.<\/p>\n","protected":false},"featured_media":1460,"template":"","meta":{"site-sidebar-layout":"default","site-content-layout":"","ast-site-content-layout":"default","site-content-style":"default","site-sidebar-style":"default","ast-global-header-display":"","ast-banner-title-visibility":"","ast-main-header-display":"","ast-hfb-above-header-display":"","ast-hfb-below-header-display":"","ast-hfb-mobile-header-display":"","site-post-title":"","ast-breadcrumbs-content":"","ast-featured-img":"","footer-sml-layout":"","theme-transparent-header-meta":"default","adv-header-id-meta":"","stick-header-meta":"","header-above-stick-meta":"","header-main-stick-meta":"","header-below-stick-meta":"","astra-migrate-meta-layouts":"set","ast-page-background-enabled":"default","ast-page-background-meta":{"desktop":{"background-color":"var(--ast-global-color-4)","background-image":"","background-repeat":"repeat","background-position":"center center","background-size":"auto","background-attachment":"scroll","background-type":"","background-media":"","overlay-type":"","overlay-color":"","overlay-opacity":"","overlay-gradient":""},"tablet":{"background-color":"","background-image":"","background-repeat":"repeat","background-position":"center center","background-size":"auto","background-attachment":"scroll","background-type":"","background-media":"","overlay-type":"","overlay-color":"","overlay-opacity":"","overlay-gradient":""},"mobile":{"background-color":"","background-image":"","background-repeat":"repeat","background-position":"center center","background-size":"auto","background-attachment":"scroll","background-type":"","background-media":"","overlay-type":"","overlay-color":"","overlay-opacity":"","overlay-gradient":""}},"ast-content-background-meta":{"desktop":{"background-color":"var(--ast-global-color-5)","background-image":"","background-repeat":"repeat","background-position":"center center","background-size":"auto","background-attachment":"scroll","background-type":"","background-media":"","overlay-type":"","overlay-color":"","overlay-opacity":"","overlay-gradient":""},"tablet":{"background-color":"var(--ast-global-color-5)","background-image":"","background-repeat":"repeat","background-position":"center center","background-size":"auto","background-attachment":"scroll","background-type":"","background-media":"","overlay-type":"","overlay-color":"","overlay-opacity":"","overlay-gradient":""},"mobile":{"background-color":"var(--ast-global-color-5)","background-image":"","background-repeat":"repeat","background-position":"center center","background-size":"auto","background-attachment":"scroll","background-type":"","background-media":"","overlay-type":"","overlay-color":"","overlay-opacity":"","overlay-gradient":""}}},"product_brand":[53],"product_cat":[52],"product_tag":[],"class_list":{"0":"post-1388","1":"product","2":"type-product","3":"status-publish","4":"has-post-thumbnail","6":"product_brand-tentacle-sync","7":"product_cat-timecode","8":"desktop-align-left","9":"tablet-align-left","10":"mobile-align-left","12":"first","13":"instock","14":"shipping-taxable","15":"purchasable","16":"product-type-simple"},"_links":{"self":[{"href":"https:\/\/bumaudio.com\/rental\/wp-json\/wp\/v2\/product\/1388","targetHints":{"allow":["GET"]}}],"collection":[{"href":"https:\/\/bumaudio.com\/rental\/wp-json\/wp\/v2\/product"}],"about":[{"href":"https:\/\/bumaudio.com\/rental\/wp-json\/wp\/v2\/types\/product"}],"version-history":[{"count":1,"href":"https:\/\/bumaudio.com\/rental\/wp-json\/wp\/v2\/product\/1388\/revisions"}],"predecessor-version":[{"id":1389,"href":"https:\/\/bumaudio.com\/rental\/wp-json\/wp\/v2\/product\/1388\/revisions\/1389"}],"wp:featuredmedia":[{"embeddable":true,"href":"https:\/\/bumaudio.com\/rental\/wp-json\/wp\/v2\/media\/1460"}],"wp:attachment":[{"href":"https:\/\/bumaudio.com\/rental\/wp-json\/wp\/v2\/media?parent=1388"}],"wp:term":[{"taxonomy":"product_brand","embeddable":true,"href":"https:\/\/bumaudio.com\/rental\/wp-json\/wp\/v2\/product_brand?post=1388"},{"taxonomy":"product_cat","embeddable":true,"href":"https:\/\/bumaudio.com\/rental\/wp-json\/wp\/v2\/product_cat?post=1388"},{"taxonomy":"product_tag","embeddable":true,"href":"https:\/\/bumaudio.com\/rental\/wp-json\/wp\/v2\/product_tag?post=1388"}],"curies":[{"name":"wp","href":"https:\/\/api.w.org\/{rel}","templated":true}]}}