{"id":930,"date":"2024-10-31T22:39:34","date_gmt":"2024-10-31T22:39:34","guid":{"rendered":"https:\/\/bumaudio.com\/?page_id=930"},"modified":"2025-04-07T20:02:04","modified_gmt":"2025-04-07T20:02:04","slug":"estudio-dolby-atmos","status":"publish","type":"page","link":"https:\/\/bumaudio.com\/en\/estudio-dolby-atmos\/","title":{"rendered":"Estudio Dolby Atmos"},"content":{"rendered":"<div data-elementor-type=\"wp-page\" data-elementor-id=\"930\" class=\"elementor elementor-930\">\n\t\t\t\t\t\t<section class=\"elementor-section elementor-top-section elementor-element elementor-element-68fe50f0 elementor-section-content-middle elementor-section-boxed elementor-section-height-default elementor-section-height-default\" data-id=\"68fe50f0\" data-element_type=\"section\" data-e-type=\"section\" data-settings=\"{&quot;background_background&quot;:&quot;classic&quot;}\">\n\t\t\t\t\t\t<div class=\"elementor-container elementor-column-gap-no\">\n\t\t\t\t\t<div class=\"elementor-column elementor-col-33 elementor-top-column elementor-element elementor-element-5e596010\" data-id=\"5e596010\" data-element_type=\"column\" data-e-type=\"column\">\n\t\t\t<div class=\"elementor-widget-wrap elementor-element-populated\">\n\t\t\t\t\t\t<div class=\"elementor-element elementor-element-57e9fffc elementor-widget elementor-widget-text-editor\" data-id=\"57e9fffc\" data-element_type=\"widget\" data-e-type=\"widget\" data-widget_type=\"text-editor.default\">\n\t\t\t\t<div class=\"elementor-widget-container\">\n\t\t\t\t\t\t\t\t\t<p>Sala de mezcla<\/p>\t\t\t\t\t\t\t\t<\/div>\n\t\t\t\t<\/div>\n\t\t\t\t<div class=\"elementor-element elementor-element-342061c8 elementor-widget elementor-widget-heading\" data-id=\"342061c8\" data-element_type=\"widget\" data-e-type=\"widget\" data-widget_type=\"heading.default\">\n\t\t\t\t<div class=\"elementor-widget-container\">\n\t\t\t\t\t<h3 class=\"elementor-heading-title elementor-size-default\">Mezcla Dolby<br>Atmos<\/h3>\t\t\t\t<\/div>\n\t\t\t\t<\/div>\n\t\t\t\t<div class=\"elementor-element elementor-element-2b66e262 elementor-invisible elementor-widget elementor-widget-image\" data-id=\"2b66e262\" data-element_type=\"widget\" data-e-type=\"widget\" data-settings=\"{&quot;_animation&quot;:&quot;fadeInLeft&quot;}\" data-widget_type=\"image.default\">\n\t\t\t\t<div class=\"elementor-widget-container\">\n\t\t\t\t\t\t\t\t\t\t\t\t\t\t\t<img fetchpriority=\"high\" decoding=\"async\" width=\"768\" height=\"1024\" src=\"https:\/\/bumaudio.com\/wp-content\/uploads\/2024\/10\/IMG_7786-768x1024.jpg\" class=\"elementor-animation-grow attachment-large size-large wp-image-954\" alt=\"\" srcset=\"https:\/\/bumaudio.com\/wp-content\/uploads\/2024\/10\/IMG_7786-768x1024.jpg 768w, https:\/\/bumaudio.com\/wp-content\/uploads\/2024\/10\/IMG_7786-225x300.jpg 225w, https:\/\/bumaudio.com\/wp-content\/uploads\/2024\/10\/IMG_7786-1152x1536.jpg 1152w, https:\/\/bumaudio.com\/wp-content\/uploads\/2024\/10\/IMG_7786-1536x2048.jpg 1536w, https:\/\/bumaudio.com\/wp-content\/uploads\/2024\/10\/IMG_7786-9x12.jpg 9w, https:\/\/bumaudio.com\/wp-content\/uploads\/2024\/10\/IMG_7786-scaled.jpg 1920w\" sizes=\"(max-width: 768px) 100vw, 768px\" \/>\t\t\t\t\t\t\t\t\t\t\t\t\t\t\t<\/div>\n\t\t\t\t<\/div>\n\t\t\t\t\t<\/div>\n\t\t<\/div>\n\t\t\t\t<div class=\"elementor-column elementor-col-33 elementor-top-column elementor-element elementor-element-65575fab\" data-id=\"65575fab\" data-element_type=\"column\" data-e-type=\"column\">\n\t\t\t<div class=\"elementor-widget-wrap elementor-element-populated\">\n\t\t\t\t\t\t<div class=\"elementor-element elementor-element-2239c452 elementor-invisible elementor-widget elementor-widget-image\" data-id=\"2239c452\" data-element_type=\"widget\" data-e-type=\"widget\" data-settings=\"{&quot;_animation&quot;:&quot;fadeInDown&quot;}\" data-widget_type=\"image.default\">\n\t\t\t\t<div class=\"elementor-widget-container\">\n\t\t\t\t\t\t\t\t\t\t\t\t\t\t\t<img decoding=\"async\" width=\"768\" height=\"1024\" src=\"https:\/\/bumaudio.com\/wp-content\/uploads\/2024\/10\/IMG_9320-768x1024.jpg\" class=\"elementor-animation-grow attachment-large size-large wp-image-950\" alt=\"\" srcset=\"https:\/\/bumaudio.com\/wp-content\/uploads\/2024\/10\/IMG_9320-768x1024.jpg 768w, https:\/\/bumaudio.com\/wp-content\/uploads\/2024\/10\/IMG_9320-225x300.jpg 225w, https:\/\/bumaudio.com\/wp-content\/uploads\/2024\/10\/IMG_9320-1152x1536.jpg 1152w, https:\/\/bumaudio.com\/wp-content\/uploads\/2024\/10\/IMG_9320-1536x2048.jpg 1536w, https:\/\/bumaudio.com\/wp-content\/uploads\/2024\/10\/IMG_9320-9x12.jpg 9w, https:\/\/bumaudio.com\/wp-content\/uploads\/2024\/10\/IMG_9320-scaled.jpg 1920w\" sizes=\"(max-width: 768px) 100vw, 768px\" \/>\t\t\t\t\t\t\t\t\t\t\t\t\t\t\t<\/div>\n\t\t\t\t<\/div>\n\t\t\t\t<div class=\"elementor-element elementor-element-22c4c389 elementor-widget elementor-widget-text-editor\" data-id=\"22c4c389\" data-element_type=\"widget\" data-e-type=\"widget\" data-widget_type=\"text-editor.default\">\n\t\t\t\t<div class=\"elementor-widget-container\">\n\t\t\t\t\t\t\t\t\t<p>En nuestro estudio de sonido, contamos con una sala de mezcla equipada con el sistema Dolby Atmos. Esta tecnolog\u00eda permite una experiencia de sonido envolvente y tridimensional, facilitando una mayor claridad y precisi\u00f3n en la mezcla de audio.<\/p>\t\t\t\t\t\t\t\t<\/div>\n\t\t\t\t<\/div>\n\t\t\t\t\t<\/div>\n\t\t<\/div>\n\t\t\t\t<div class=\"elementor-column elementor-col-33 elementor-top-column elementor-element elementor-element-2b2d82b9\" data-id=\"2b2d82b9\" data-element_type=\"column\" data-e-type=\"column\">\n\t\t\t<div class=\"elementor-widget-wrap elementor-element-populated\">\n\t\t\t\t\t\t<div class=\"elementor-element elementor-element-130d8d03 elementor-invisible elementor-widget elementor-widget-image\" data-id=\"130d8d03\" data-element_type=\"widget\" data-e-type=\"widget\" data-settings=\"{&quot;_animation&quot;:&quot;fadeInRight&quot;}\" data-widget_type=\"image.default\">\n\t\t\t\t<div class=\"elementor-widget-container\">\n\t\t\t\t\t\t\t\t\t\t\t\t\t\t\t<img decoding=\"async\" width=\"768\" height=\"1024\" src=\"https:\/\/bumaudio.com\/wp-content\/uploads\/2024\/10\/IMG_7780-768x1024.jpg\" class=\"elementor-animation-grow attachment-medium_large size-medium_large wp-image-955\" alt=\"\" srcset=\"https:\/\/bumaudio.com\/wp-content\/uploads\/2024\/10\/IMG_7780-768x1024.jpg 768w, https:\/\/bumaudio.com\/wp-content\/uploads\/2024\/10\/IMG_7780-225x300.jpg 225w, https:\/\/bumaudio.com\/wp-content\/uploads\/2024\/10\/IMG_7780-1152x1536.jpg 1152w, https:\/\/bumaudio.com\/wp-content\/uploads\/2024\/10\/IMG_7780-1536x2048.jpg 1536w, https:\/\/bumaudio.com\/wp-content\/uploads\/2024\/10\/IMG_7780-9x12.jpg 9w, https:\/\/bumaudio.com\/wp-content\/uploads\/2024\/10\/IMG_7780-scaled.jpg 1920w\" sizes=\"(max-width: 768px) 100vw, 768px\" \/>\t\t\t\t\t\t\t\t\t\t\t\t\t\t\t<\/div>\n\t\t\t\t<\/div>\n\t\t\t\t\t<\/div>\n\t\t<\/div>\n\t\t\t\t\t<\/div>\n\t\t<\/section>\n\t\t\t\t<section class=\"elementor-section elementor-top-section elementor-element elementor-element-145ac0b0 elementor-section-content-middle elementor-section-boxed elementor-section-height-default elementor-section-height-default\" data-id=\"145ac0b0\" data-element_type=\"section\" data-e-type=\"section\">\n\t\t\t\t\t\t<div class=\"elementor-container elementor-column-gap-no\">\n\t\t\t\t\t<div class=\"elementor-column elementor-col-33 elementor-top-column elementor-element elementor-element-20ae0278\" data-id=\"20ae0278\" data-element_type=\"column\" data-e-type=\"column\">\n\t\t\t<div class=\"elementor-widget-wrap elementor-element-populated\">\n\t\t\t\t\t\t<div class=\"elementor-element elementor-element-2285bd25 elementor-widget elementor-widget-text-editor\" data-id=\"2285bd25\" data-element_type=\"widget\" data-e-type=\"widget\" data-widget_type=\"text-editor.default\">\n\t\t\t\t<div class=\"elementor-widget-container\">\n\t\t\t\t\t\t\t\t\t<p>Descubre<\/p>\t\t\t\t\t\t\t\t<\/div>\n\t\t\t\t<\/div>\n\t\t\t\t<div class=\"elementor-element elementor-element-14561d57 elementor-widget elementor-widget-heading\" data-id=\"14561d57\" data-element_type=\"widget\" data-e-type=\"widget\" data-widget_type=\"heading.default\">\n\t\t\t\t<div class=\"elementor-widget-container\">\n\t\t\t\t\t<h2 class=\"elementor-heading-title elementor-size-default\">\u00bfQu\u00e9 es Dolby Atmos?<\/h2>\t\t\t\t<\/div>\n\t\t\t\t<\/div>\n\t\t\t\t<div class=\"elementor-element elementor-element-5b7195cb elementor-widget-divider--view-line elementor-widget elementor-widget-divider\" data-id=\"5b7195cb\" data-element_type=\"widget\" data-e-type=\"widget\" data-widget_type=\"divider.default\">\n\t\t\t\t<div class=\"elementor-widget-container\">\n\t\t\t\t\t\t\t<div class=\"elementor-divider\">\n\t\t\t<span class=\"elementor-divider-separator\">\n\t\t\t\t\t\t<\/span>\n\t\t<\/div>\n\t\t\t\t\t\t<\/div>\n\t\t\t\t<\/div>\n\t\t\t\t\t<\/div>\n\t\t<\/div>\n\t\t\t\t<div class=\"elementor-column elementor-col-33 elementor-top-column elementor-element elementor-element-5273c81d\" data-id=\"5273c81d\" data-element_type=\"column\" data-e-type=\"column\">\n\t\t\t<div class=\"elementor-widget-wrap elementor-element-populated\">\n\t\t\t\t\t\t<div class=\"elementor-element elementor-element-6bad4f9d elementor-widget__width-initial elementor-widget elementor-widget-text-editor\" data-id=\"6bad4f9d\" data-element_type=\"widget\" data-e-type=\"widget\" data-widget_type=\"text-editor.default\">\n\t\t\t\t<div class=\"elementor-widget-container\">\n\t\t\t\t\t\t\t\t\t<p><strong>Dolby Atmos<\/strong> es un sistema de sonido que a\u00f1ade una dimensi\u00f3n vertical al audio, permitiendo que los sonidos se muevan en un espacio tridimensional. Esto resulta en una mezcla m\u00e1s din\u00e1mica y realista.<\/p><p><strong>Aplicaciones:<\/strong><\/p><ul><li>M\u00fasica: Ideal para la producci\u00f3n de \u00e1lbumes y sencillos con un sonido m\u00e1s profundo.<\/li><li>Cine: Perfecto para la postproducci\u00f3n de pel\u00edculas y cortometrajes.<\/li><li>Videojuegos: Mejora la inmersi\u00f3n en la experiencia de juego.<\/li><\/ul>\t\t\t\t\t\t\t\t<\/div>\n\t\t\t\t<\/div>\n\t\t\t\t<div class=\"elementor-element elementor-element-4432052 elementor-align-center elementor-widget elementor-widget-button\" data-id=\"4432052\" data-element_type=\"widget\" data-e-type=\"widget\" data-widget_type=\"button.default\">\n\t\t\t\t<div class=\"elementor-widget-container\">\n\t\t\t\t\t\t\t\t\t<div class=\"elementor-button-wrapper\">\n\t\t\t\t\t<a class=\"elementor-button elementor-button-link elementor-size-sm\" href=\"http:\/\/info@bumaudio.com\/en\/\">\n\t\t\t\t\t\t<span class=\"elementor-button-content-wrapper\">\n\t\t\t\t\t\t<span class=\"elementor-button-icon\">\n\t\t\t\t<i aria-hidden=\"true\" class=\"far fa-envelope\"><\/i>\t\t\t<\/span>\n\t\t\t\t\t\t\t\t\t<span class=\"elementor-button-text\">Contactate!<\/span>\n\t\t\t\t\t<\/span>\n\t\t\t\t\t<\/a>\n\t\t\t\t<\/div>\n\t\t\t\t\t\t\t\t<\/div>\n\t\t\t\t<\/div>\n\t\t\t\t\t<\/div>\n\t\t<\/div>\n\t\t\t\t<div class=\"elementor-column elementor-col-33 elementor-top-column elementor-element elementor-element-4992b2f6\" data-id=\"4992b2f6\" data-element_type=\"column\" data-e-type=\"column\">\n\t\t\t<div class=\"elementor-widget-wrap elementor-element-populated\">\n\t\t\t\t\t\t<div class=\"elementor-element elementor-element-80946c3 elementor-invisible elementor-widget elementor-widget-image\" data-id=\"80946c3\" data-element_type=\"widget\" data-e-type=\"widget\" data-settings=\"{&quot;_animation&quot;:&quot;fadeIn&quot;}\" data-widget_type=\"image.default\">\n\t\t\t\t<div class=\"elementor-widget-container\">\n\t\t\t\t\t\t\t\t\t\t\t\t\t\t\t<img loading=\"lazy\" decoding=\"async\" width=\"1920\" height=\"2560\" src=\"https:\/\/bumaudio.com\/wp-content\/uploads\/2024\/10\/IMG_9311-1-scaled.jpg\" class=\"attachment-full size-full wp-image-957\" alt=\"\" srcset=\"https:\/\/bumaudio.com\/wp-content\/uploads\/2024\/10\/IMG_9311-1-scaled.jpg 1920w, https:\/\/bumaudio.com\/wp-content\/uploads\/2024\/10\/IMG_9311-1-225x300.jpg 225w, https:\/\/bumaudio.com\/wp-content\/uploads\/2024\/10\/IMG_9311-1-768x1024.jpg 768w, https:\/\/bumaudio.com\/wp-content\/uploads\/2024\/10\/IMG_9311-1-1152x1536.jpg 1152w, https:\/\/bumaudio.com\/wp-content\/uploads\/2024\/10\/IMG_9311-1-1536x2048.jpg 1536w, https:\/\/bumaudio.com\/wp-content\/uploads\/2024\/10\/IMG_9311-1-9x12.jpg 9w\" sizes=\"(max-width: 1920px) 100vw, 1920px\" \/>\t\t\t\t\t\t\t\t\t\t\t\t\t\t\t<\/div>\n\t\t\t\t<\/div>\n\t\t\t\t\t<\/div>\n\t\t<\/div>\n\t\t\t\t\t<\/div>\n\t\t<\/section>\n\t\t\t\t<section class=\"elementor-section elementor-top-section elementor-element elementor-element-ce094b4 elementor-section-boxed elementor-section-height-default elementor-section-height-default\" data-id=\"ce094b4\" data-element_type=\"section\" data-e-type=\"section\">\n\t\t\t\t\t\t<div class=\"elementor-container elementor-column-gap-default\">\n\t\t\t\t\t<div class=\"elementor-column elementor-col-100 elementor-top-column elementor-element elementor-element-3c9b1a7\" data-id=\"3c9b1a7\" data-element_type=\"column\" data-e-type=\"column\">\n\t\t\t<div class=\"elementor-widget-wrap\">\n\t\t\t\t\t\t\t<\/div>\n\t\t<\/div>\n\t\t\t\t\t<\/div>\n\t\t<\/section>\n\t\t\t\t<\/div>","protected":false},"excerpt":{"rendered":"<p>Sala de mezcla Mezcla DolbyAtmos En nuestro estudio de sonido, contamos con una sala de mezcla equipada con el sistema Dolby Atmos. Esta tecnolog\u00eda permite una experiencia de sonido envolvente y tridimensional, facilitando una mayor claridad y precisi\u00f3n en la mezcla de audio. Descubre \u00bfQu\u00e9 es Dolby Atmos? Dolby Atmos es un sistema de sonido [&hellip;]<\/p>\n","protected":false},"author":2,"featured_media":0,"parent":0,"menu_order":0,"comment_status":"closed","ping_status":"closed","template":"","meta":{"footnotes":""},"class_list":["post-930","page","type-page","status-publish","hentry","entry"],"_links":{"self":[{"href":"https:\/\/bumaudio.com\/en\/wp-json\/wp\/v2\/pages\/930","targetHints":{"allow":["GET"]}}],"collection":[{"href":"https:\/\/bumaudio.com\/en\/wp-json\/wp\/v2\/pages"}],"about":[{"href":"https:\/\/bumaudio.com\/en\/wp-json\/wp\/v2\/types\/page"}],"author":[{"embeddable":true,"href":"https:\/\/bumaudio.com\/en\/wp-json\/wp\/v2\/users\/2"}],"replies":[{"embeddable":true,"href":"https:\/\/bumaudio.com\/en\/wp-json\/wp\/v2\/comments?post=930"}],"version-history":[{"count":44,"href":"https:\/\/bumaudio.com\/en\/wp-json\/wp\/v2\/pages\/930\/revisions"}],"predecessor-version":[{"id":1044,"href":"https:\/\/bumaudio.com\/en\/wp-json\/wp\/v2\/pages\/930\/revisions\/1044"}],"wp:attachment":[{"href":"https:\/\/bumaudio.com\/en\/wp-json\/wp\/v2\/media?parent=930"}],"curies":[{"name":"wp","href":"https:\/\/api.w.org\/{rel}","templated":true}]}}